


{"id":1283,"date":"2024-04-10T15:53:52","date_gmt":"2024-04-10T13:53:52","guid":{"rendered":"https:\/\/senegalsecondaryschool.com\/terminos-condiciones-y-politica-de-privacidad\/"},"modified":"2025-02-08T22:09:10","modified_gmt":"2025-02-08T21:09:10","slug":"terminos","status":"publish","type":"page","link":"https:\/\/senegalsecondaryschool.com\/es\/terminos\/","title":{"rendered":"T\u00e9rminos, condiciones y pol\u00edtica de privacidad"},"content":{"rendered":"[vc_row type=&#8221;in_container&#8221; full_screen_row_position=&#8221;middle&#8221; column_margin=&#8221;default&#8221; column_direction=&#8221;default&#8221; column_direction_tablet=&#8221;default&#8221; column_direction_phone=&#8221;default&#8221; scene_position=&#8221;center&#8221; left_padding_desktop=&#8221;10%&#8221; right_padding_desktop=&#8221;10%&#8221; text_color=&#8221;dark&#8221; text_align=&#8221;left&#8221; row_border_radius=&#8221;none&#8221; row_border_radius_applies=&#8221;bg&#8221; overflow=&#8221;visible&#8221; overlay_strength=&#8221;0.3&#8243; gradient_direction=&#8221;left_to_right&#8221; shape_divider_position=&#8221;bottom&#8221; bg_image_animation=&#8221;none&#8221; gradient_type=&#8221;default&#8221; shape_type=&#8221;&#8221;][vc_column column_padding=&#8221;no-extra-padding&#8221; column_padding_tablet=&#8221;inherit&#8221; column_padding_phone=&#8221;inherit&#8221; column_padding_position=&#8221;all&#8221; column_element_direction_desktop=&#8221;default&#8221; column_element_spacing=&#8221;default&#8221; desktop_text_alignment=&#8221;default&#8221; tablet_text_alignment=&#8221;default&#8221; phone_text_alignment=&#8221;default&#8221; background_color_opacity=&#8221;1&#8243; background_hover_color_opacity=&#8221;1&#8243; column_backdrop_filter=&#8221;none&#8221; column_shadow=&#8221;none&#8221; column_border_radius=&#8221;none&#8221; column_link_target=&#8221;_self&#8221; column_position=&#8221;default&#8221; gradient_direction=&#8221;left_to_right&#8221; overlay_strength=&#8221;0.3&#8243; width=&#8221;1\/1&#8243; tablet_width_inherit=&#8221;default&#8221; animation_type=&#8221;default&#8221; bg_image_animation=&#8221;none&#8221; border_type=&#8221;simple&#8221; column_border_width=&#8221;none&#8221; column_border_style=&#8221;solid&#8221;][vc_column_text css=&#8221;&#8221; text_direction=&#8221;default&#8221;]\n<h2>T\u00c9RMINOS, CONDICIONES Y POL\u00cdTICA DE PRIVACIDAD<\/h2>\n<p>Al registrarte en nuestro sitio web y participar en nuestros concursos, aceptas estos T\u00e9rminos y Condiciones. Por favor, l\u00e9elos detenidamente:<\/p>\n<p>\u00daLTIMA ACTUALIZACI\u00d3N: febrero 2025<\/p>\n<p>DEFINICIONES<\/p>\n<p>&#8220;Usuario&#8221; se refiere a cualquier persona que utiliza nuestro sitio web, se registra en \u00e9l o participa en nuestros concursos.<\/p>\n<p>&#8220;Proyecto&#8221; se refiere a cualquier trabajo, material o documento presentado por un usuario en nuestros concursos a trav\u00e9s de nuestro sitio web.<\/p>\n<p>USO DEL SITIO WEB<\/p>\n<p>Los usuarios deben tener al menos 18 a\u00f1os para usar nuestro sitio web, registrarse en \u00e9l y participar en nuestros concursos. Al usar nuestro sitio web, garantizas que cumples con este requisito.<\/p>\n<p>Nepal School Project se reserva el derecho a modificar o retirar, temporal o permanentemente, la informaci\u00f3n contenida en este sitio web (o cualquier parte de ella) con o sin previo aviso.<\/p>\n<p>POL\u00cdTICA DE PRIVACIDAD Y PROTECCI\u00d3N DE DATOS<\/p>\n<p>Nepal School Project recopilar\u00e1, procesar\u00e1 y proteger\u00e1 los datos personales recogidos a trav\u00e9s de este sitio web de conformidad con el Reglamento General de Protecci\u00f3n de Datos de la UE y la legislaci\u00f3n espa\u00f1ola vigente en materia de protecci\u00f3n de datos.<\/p>\n<p>Al registrarte en nuestro sitio web o participar en nuestros concursos, consientes el tratamiento de tus datos personales de la manera y para los fines indicados a continuaci\u00f3n.<\/p>\n<p>3.1. DATOS PERSONALES QUE RECOGEMOS<\/p>\n<p>Solo recogemos los datos personales que nos proporcionas al registrarte en nuestro sitio web y participar en nuestros concursos. Estos datos incluyen tu nombre, edad, nacionalidad, pa\u00eds de residencia, direcci\u00f3n de correo electr\u00f3nico y, si corresponde, la universidad donde estudias.<\/p>\n<p>3.2. C\u00d3MO UTILIZAMOS TUS DATOS PERSONALES<\/p>\n<p>Utilizamos tus datos personales exclusivamente para gestionar nuestros concursos, comunicarnos contigo y mejorar nuestro sitio web.<\/p>\n<p>El env\u00edo de informaci\u00f3n sobre pr\u00f3ximos concursos u otra informaci\u00f3n comercial requiere consentimiento expreso, que puede ser revocado en cualquier momento.<\/p>\n<p>3.3. C\u00d3MO PROTEGEMOS TUS DATOS PERSONALES<\/p>\n<p>Implementamos medidas de seguridad para proteger tus datos personales contra el acceso o modificaci\u00f3n no autorizados, la divulgaci\u00f3n o destrucci\u00f3n.<\/p>\n<p>Los datos personales recogidos no ser\u00e1n comunicados a terceros. S\u00f3lo podr\u00e1n acceder a estos datos el equipo del Proyecto de Escuelas de Nepal y los expertos que participen en los concursos. Solo se podr\u00e1n comunicar datos necesarios y esenciales a proveedores de servicios que no estar\u00e1n autorizados a hacer ning\u00fan uso diferente de dichos datos. Estos datos tambi\u00e9n pueden ser compartidos con medios de comunicaci\u00f3n y a trav\u00e9s de redes sociales con el \u00fanico prop\u00f3sito de publicar y difundir los resultados de un concurso. Tambi\u00e9n pueden ser comunicados en el contexto de una investigaci\u00f3n judicial o cuando lo requiera una disposici\u00f3n legal.<\/p>\n<p>3.4. TUS DERECHOS<\/p>\n<p>Tienes derecho a acceder a tus datos personales, rectificarlos, solicitar su eliminaci\u00f3n, oponerte a su tratamiento y solicitar la limitaci\u00f3n de su tratamiento. Puedes ejercer estos derechos a trav\u00e9s del siguiente correo electr\u00f3nico: <a href=\"mailto:info@archstorming.com\">info@archstorming.com<\/a><\/p>\n<p>3.5. RESPONSABLE DEL TRATAMIENTO DE LOS DATOS<\/p>\n<p>Archstorming S.L. CIF: B-55289433 C\/ Tom\u00e1s Boada 19, 17240 Llagostera, Girona (Espa\u00f1a).<\/p>\n<p>POL\u00cdTICA DE COOKIES<\/p>\n<p>4.1. \u00bfQU\u00c9 SON LAS COOKIES?<\/p>\n<p>Las cookies son peque\u00f1os archivos de texto que se almacenan en tu dispositivo cuando visitas nuestro sitio web y se utilizan para registrar las actividades del usuario durante su tiempo de navegaci\u00f3n. Son an\u00f3nimas y no pueden proporcionar datos personales por s\u00ed solas.<\/p>\n<p>4.2. C\u00d3MO UTILIZAMOS LAS COOKIES<\/p>\n<p>Utilizamos cookies para recordar tus preferencias, entender c\u00f3mo usas nuestro sitio web, personalizar contenidos y publicidad y, en general, mejorar la experiencia del usuario en nuestro sitio web.<\/p>\n<p>4.3. C\u00d3MO GESTIONAR LAS COOKIES<\/p>\n<p>Al ingresar a nuestro sitio web, podr\u00e1s aceptar o rechazar el uso de cookies. Tambi\u00e9n puedes gestionar las cookies a trav\u00e9s de la configuraci\u00f3n de tu navegador. Sin embargo, si desactivas las cookies, algunas partes de nuestro sitio web podr\u00edan no funcionar correctamente.<\/p>\n<p>CONTENIDOS DE TERCEROS<\/p>\n<p>Nuestro sitio web puede contener enlaces a sitios web de terceros. Nepal School Project no es responsable del contenido ni de las pol\u00edticas de protecci\u00f3n de datos de estos sitios web de terceros.<\/p>\n<p>Asimismo, toda la informaci\u00f3n y comentarios subidos por los usuarios a trav\u00e9s de cualquier canal de participaci\u00f3n habilitado en el sitio web se consideran cedidos a Nepal School Project. Los usuarios son responsables de la legalidad y adecuaci\u00f3n del contenido que comparten a trav\u00e9s de estos canales de participaci\u00f3n. Nepal School Project no ser\u00e1 responsable de dichos contenidos subidos por los usuarios y se reserva el derecho de publicarlos o retirarlos.<\/p>\n<p>INFORMACI\u00d3N LEGAL<\/p>\n<p>El propietario de este sitio web es Archstorming S.L. con n\u00famero de identificaci\u00f3n fiscal: B-55289433, domicilio registrado en C\/ Tom\u00e1s Boada 19, Llagostera, Girona (Espa\u00f1a) y registrado en el registro comercial de Girona (Espa\u00f1a).<\/p>\n<p>Archstorming, S.L. se reserva todos los derechos sobre el dominio senegalsecondaryschool.com, incluyendo su nombre, dise\u00f1o, c\u00f3digos fuente, estructura de navegaci\u00f3n y bases de datos, entre otros, as\u00ed como sobre la marca &#8220;Nepal School Project&#8221; y su logotipo, que est\u00e1n protegidos legalmente. El uso no autorizado por terceros llevar\u00e1 a responsabilidad y la correspondiente compensaci\u00f3n por da\u00f1os seg\u00fan la legislaci\u00f3n vigente.<\/p>\n<p>En todas las cuestiones que afecten al tr\u00e1fico jur\u00eddico o impliquen relaciones jur\u00eddicas con terceros u obligaciones legales, todas las referencias a &#8220;Nepal School Project&#8221; contenidas en las presentes Condiciones Generales se entender\u00e1n realizadas al titular de la marca, Archstorming, S.L., que es el \u00fanico sujeto que tiene capacidad jur\u00eddica para contraer obligaciones y reclamar sus derechos.<\/p>\n<p>MODIFICACI\u00d3N DE LAS CONDICIONES<\/p>\n<p>Nepal School Project se reserva el derecho a modificar estos T\u00e9rminos y Condiciones en cualquier momento. Las modificaciones entrar\u00e1n en vigor tras su publicaci\u00f3n en este sitio web y vincular\u00e1n directamente al usuario, quien tiene la obligaci\u00f3n de revisarlos peri\u00f3dicamente. La fecha de la \u00faltima modificaci\u00f3n de estos T\u00e9rminos y Condiciones siempre ser\u00e1 indicada en la parte superior.<\/p>\n<p>LEGISLACI\u00d3N Y JURISDICCI\u00d3N APLICABLES<\/p>\n<p>Estos T\u00e9rminos y Condiciones se rigen por la ley espa\u00f1ola. Cualquier disputa que surja en relaci\u00f3n con estos T\u00e9rminos y Condiciones ser\u00e1 resuelta en los tribunales de Espa\u00f1a.<\/p>\n<p>&nbsp;<\/p>\n<h2>NORMAS DE PARTICIPACI\u00d3N EN EL CONCURSO<\/h2>\n<p>\u00daLTIMA ACTUALIZACI\u00d3N: febrero 2025<\/p>\n<p>REQUISITOS E INSCRIPCI\u00d3N<\/p>\n<p>Los concursos est\u00e1n abiertos a cualquier individuo mayor de 18 a\u00f1os, independientemente de su nacionalidad o disciplina.<\/p>\n<p>Para participar en un concurso, debes registrarte a trav\u00e9s de nuestro sitio web, pagar el precio estipulado y aceptar los T\u00e9rminos y Condiciones.<\/p>\n<p>El registro se realiza en equipos, que pueden estar compuestos por uno a cuatro participantes. Cada equipo registrado puede presentar un solo proyecto. Si un equipo desea presentar m\u00e1s de un proyecto, deber\u00e1 formalizar tantas inscripciones como proyectos desee presentar en el concurso, pagando el precio correspondiente por cada inscripci\u00f3n.<\/p>\n<p>PRECIO Y PREMIOS<\/p>\n<p>El precio de inscripci\u00f3n es por equipo (no por persona) y var\u00eda seg\u00fan el per\u00edodo de inscripci\u00f3n. Hay dos per\u00edodos de inscripci\u00f3n; el precio para cada per\u00edodo est\u00e1 indicado en el sitio web y en el briefing. El precio no incluye el IVA.<\/p>\n<p>Para participar en nuestros concursos, debes registrarte a trav\u00e9s de nuestro sitio web y pagar el precio establecido. Una vez realizados correctamente el registro y el pago y otorgado el acceso a los materiales del concurso, no se aceptar\u00e1n cancelaciones ni reembolsos.<\/p>\n<p>Las retenciones fiscales vigentes ser\u00e1n aplicadas a los premios anunciados seg\u00fan la ley fiscal espa\u00f1ola vigente.<\/p>\n<p>INFORMACI\u00d3N Y MATERIAL ADICIONAL<\/p>\n<p>Toda la informaci\u00f3n relevante para cada concurso, incluyendo su tema y requisitos, el jurado seleccionado, la fecha l\u00edmite establecida, las instrucciones de env\u00edo del proyecto o los premios otorgados, entre otros aspectos, se establecer\u00e1 en el briefing de cada concurso y en la secci\u00f3n correspondiente del sitio web.<\/p>\n<p>Adem\u00e1s, los concursos pueden estar acompa\u00f1ados de material adicional, documentaci\u00f3n e informaci\u00f3n proporcionada a los participantes despu\u00e9s de su registro y pago del precio correspondiente.<\/p>\n<p>SELECCI\u00d3N DE LOS GANADORES<\/p>\n<p>Los proyectos presentados que no cumplan con los requisitos de elegibilidad, con los T\u00e9rminos y Condiciones o con estas Reglas de Participaci\u00f3n en el Concurso ser\u00e1n descalificados.<\/p>\n<p>Posteriormente, los expertos de Nepal School Project seleccionar\u00e1n los proyectos que mejor cumplan los criterios de evaluaci\u00f3n publicados. Estos proyectos seleccionados por Nepal School Project se presentar\u00e1n al jurado, que los evaluar\u00e1 siguiendo los criterios de evaluaci\u00f3n publicados.  Los miembros del jurado podr\u00e1n tener acceso, si lo solicitan, a todos los proyectos presentados.<\/p>\n<p>Los ganadores ser\u00e1n elegidos por el jurado a trav\u00e9s de votos individuales de los miembros y despu\u00e9s de una reuni\u00f3n y discusi\u00f3n conjunta.<\/p>\n<p>PROPIEDAD INTELECTUAL<\/p>\n<p>Los usuarios garantizan que son los autores intelectuales de los proyectos presentados y que no est\u00e1n infringiendo ning\u00fan derecho de propiedad intelectual con su presentaci\u00f3n al concurso.<\/p>\n<p>Los usuarios conservar\u00e1n los derechos de autor de sus proyectos. Sin embargo, al participar en un concurso y presentar un proyecto, conceden a Nepal School Project una licencia mundial, gratuita y no exclusiva para utilizar, reproducir, publicar y distribuir el proyecto en cualquier formato y a trav\u00e9s de cualquier medio de difusi\u00f3n.<\/p>\n<p>ANULACI\u00d3N DEL CONCURSO<\/p>\n<p>Nepal School Project se reserva el derecho a cancelar un concurso por falta de inscripciones, avisando previamente a los usuarios que ya se hayan inscrito y hayan pagado el precio. En este caso, el importe total del precio ser\u00e1 reembolsado dentro de los 15 d\u00edas siguientes a la notificaci\u00f3n de la cancelaci\u00f3n.<\/p>\n<p>MODIFICACI\u00d3N DE LAS NORMAS DE PARTICIPACI\u00d3N EN EL CONCURSO<\/p>\n<p>Nepal School Project se reserva el derecho a modificar las presentes Normas de Participaci\u00f3n en el Concurso en cualquier momento, siendo vinculantes para los usuarios desde el momento de su publicaci\u00f3n en el sitio web. La fecha de la \u00faltima modificaci\u00f3n ser\u00e1 indicada en la parte superior.<\/p>\n<p>CONTACTO<\/p>\n<p>Si tienes alguna pregunta sobre estos T\u00e9rminos y Condiciones o sobre las Normas de Participaci\u00f3n del Concurso, puedes ponerte en contacto con nosotros a trav\u00e9s de nuestro correo electr\u00f3nico: <a href=\"mailto:info@archstorming.com\">info@archstorming.com<\/a>[\/vc_column_text][\/vc_column][\/vc_row]\n","protected":false},"excerpt":{"rendered":"<p>[vc_row type=&#8221;in_container&#8221; full_screen_row_position=&#8221;middle&#8221; column_margin=&#8221;default&#8221; column_direction=&#8221;default&#8221; column_direction_tablet=&#8221;default&#8221; column_direction_phone=&#8221;default&#8221; scene_position=&#8221;center&#8221; left_padding_desktop=&#8221;10%&#8221; right_padding_desktop=&#8221;10%&#8221; text_color=&#8221;dark&#8221; text_align=&#8221;left&#8221; row_border_radius=&#8221;none&#8221; row_border_radius_applies=&#8221;bg&#8221; overflow=&#8221;visible&#8221; overlay_strength=&#8221;0.3&#8243; gradient_direction=&#8221;left_to_right&#8221; shape_divider_position=&#8221;bottom&#8221; bg_image_animation=&#8221;none&#8221; gradient_type=&#8221;default&#8221; shape_type=&#8221;&#8221;][vc_column column_padding=&#8221;no-extra-padding&#8221; column_padding_tablet=&#8221;inherit&#8221; column_padding_phone=&#8221;inherit&#8221; column_padding_position=&#8221;all&#8221; column_element_direction_desktop=&#8221;default&#8221; column_element_spacing=&#8221;default&#8221; desktop_text_alignment=&#8221;default&#8221; tablet_text_alignment=&#8221;default&#8221; phone_text_alignment=&#8221;default&#8221;&#8230;<\/p>\n","protected":false},"author":1,"featured_media":0,"parent":0,"menu_order":0,"comment_status":"closed","ping_status":"open","template":"","meta":{"_monsterinsights_skip_tracking":false,"_monsterinsights_sitenote_active":false,"_monsterinsights_sitenote_note":"","_monsterinsights_sitenote_category":0,"_uf_show_specific_survey":0,"_uf_disable_surveys":false,"footnotes":""},"class_list":["post-1283","page","type-page","status-publish"],"aioseo_notices":[],"_links":{"self":[{"href":"https:\/\/senegalsecondaryschool.com\/es\/wp-json\/wp\/v2\/pages\/1283","targetHints":{"allow":["GET"]}}],"collection":[{"href":"https:\/\/senegalsecondaryschool.com\/es\/wp-json\/wp\/v2\/pages"}],"about":[{"href":"https:\/\/senegalsecondaryschool.com\/es\/wp-json\/wp\/v2\/types\/page"}],"author":[{"embeddable":true,"href":"https:\/\/senegalsecondaryschool.com\/es\/wp-json\/wp\/v2\/users\/1"}],"replies":[{"embeddable":true,"href":"https:\/\/senegalsecondaryschool.com\/es\/wp-json\/wp\/v2\/comments?post=1283"}],"version-history":[{"count":35,"href":"https:\/\/senegalsecondaryschool.com\/es\/wp-json\/wp\/v2\/pages\/1283\/revisions"}],"predecessor-version":[{"id":4986,"href":"https:\/\/senegalsecondaryschool.com\/es\/wp-json\/wp\/v2\/pages\/1283\/revisions\/4986"}],"wp:attachment":[{"href":"https:\/\/senegalsecondaryschool.com\/es\/wp-json\/wp\/v2\/media?parent=1283"}],"curies":[{"name":"wp","href":"https:\/\/api.w.org\/{rel}","templated":true}]}}